{"id":10,"date":"2025-04-09T11:05:28","date_gmt":"2025-04-09T09:05:28","guid":{"rendered":"https:\/\/colussigroup.it\/servizio-clienti\/?page_id=10"},"modified":"2025-07-18T09:46:05","modified_gmt":"2025-07-18T07:46:05","slug":"servizio-clienti","status":"publish","type":"page","link":"https:\/\/colussigroup.it\/servizio-clienti\/","title":{"rendered":"Servizio Clienti"},"content":{"rendered":"\n<div class=\"wp-block-group teaser-content has-global-padding is-layout-constrained wp-block-group-is-layout-constrained\" style=\"margin-top:var(--wp--preset--spacing--50);margin-bottom:var(--wp--preset--spacing--20)\">\n<p class=\"is-style-default\">Per qualsiasi informazione, segnalazione o suggerimento sui prodotti del Gruppo Colussi, il nostro Servizio Clienti \u00e8 a tua disposizione. Puoi contattarci tramite <strong>WhatsApp<\/strong> al numero <a href=\"https:\/\/wa.me\/3385037207\" target=\"_blank\" rel=\"noreferrer noopener\"><strong>338 5037207<\/strong><\/a>, oppure chiamare il <strong>Numero Verde<\/strong> gratuito <strong><a href=\"tel:800865143\" target=\"_blank\" rel=\"noreferrer noopener\">800 865 143<\/a><\/strong> (attivo dal luned\u00ec al gioved\u00ec, dalle 13:30 alle 17:30, e il venerd\u00ec dalle 13:30 alle 16:30). <\/p>\n\n\n\n<p class=\"is-style-default\">Compila il modulo online qui sotto.<\/p>\n<\/div>\n\n\n\n<div class=\"wp-block-contact-form-7-contact-form-selector\">\n<div class=\"wpcf7 no-js\" id=\"wpcf7-f8-o1\" lang=\"it-IT\" dir=\"ltr\" data-wpcf7-id=\"8\">\n<div class=\"screen-reader-response\"><p role=\"status\" aria-live=\"polite\" aria-atomic=\"true\"><\/p> <ul><\/ul><\/div>\n<form action=\"\/servizio-clienti\/wp-json\/wp\/v2\/pages\/10#wpcf7-f8-o1\" method=\"post\" class=\"wpcf7-form init\" aria-label=\"Modulo di contatto\" enctype=\"multipart\/form-data\" novalidate=\"novalidate\" data-status=\"init\">\n<fieldset class=\"hidden-fields-container\"><input type=\"hidden\" name=\"_wpcf7\" value=\"8\" \/><input type=\"hidden\" name=\"_wpcf7_version\" value=\"6.1.2\" \/><input type=\"hidden\" name=\"_wpcf7_locale\" value=\"it_IT\" \/><input type=\"hidden\" name=\"_wpcf7_unit_tag\" value=\"wpcf7-f8-o1\" \/><input type=\"hidden\" name=\"_wpcf7_container_post\" value=\"0\" \/><input type=\"hidden\" name=\"_wpcf7_posted_data_hash\" value=\"\" \/><input type=\"hidden\" name=\"_wpcf7cf_hidden_group_fields\" value=\"[]\" \/><input type=\"hidden\" name=\"_wpcf7cf_hidden_groups\" value=\"[]\" \/><input type=\"hidden\" name=\"_wpcf7cf_visible_groups\" value=\"[]\" \/><input type=\"hidden\" name=\"_wpcf7cf_repeaters\" value=\"[]\" \/><input type=\"hidden\" name=\"_wpcf7cf_steps\" value=\"{}\" \/><input type=\"hidden\" name=\"_wpcf7cf_options\" value=\"{&quot;form_id&quot;:8,&quot;conditions&quot;:[{&quot;then_field&quot;:&quot;altra-azione&quot;,&quot;and_rules&quot;:[{&quot;if_field&quot;:&quot;azione&quot;,&quot;operator&quot;:&quot;equals&quot;,&quot;if_value&quot;:&quot;Altro&quot;}]}],&quot;settings&quot;:{&quot;animation&quot;:&quot;yes&quot;,&quot;animation_intime&quot;:200,&quot;animation_outtime&quot;:200,&quot;conditions_ui&quot;:&quot;normal&quot;,&quot;notice_dismissed&quot;:false,&quot;notice_dismissed_rollback-cf7-6.1.1&quot;:true}}\" \/>\n<\/fieldset>\n<!-- CONTENITORE DEL FORM -->\n<div class=\"form-container\">\n  <!-- 1. DATI PERSONALI DEL CLIENTE -->\n<div class=\"row\">\n  <div class=\"col-12\">\n    <h3 class=\"mt-3 mb-1\">Dati personali del cliente<\/h3>\n  <\/div>\n  <div class=\"py-2 px-3 card-form\">\n    <div class=\"row\">\n      <div class=\"col-md-6\">\n        <label for=\"nome\" class=\"form-label\">Nome *<\/label>\n        <span class=\"wpcf7-form-control-wrap\" data-name=\"nome\"><input size=\"40\" maxlength=\"400\" class=\"wpcf7-form-control wpcf7-text wpcf7-validates-as-required form-control\" aria-required=\"true\" aria-invalid=\"false\" value=\"\" type=\"text\" name=\"nome\" \/><\/span>\n      <\/div>\n      \n      <div class=\"col-md-6\">\n        <label for=\"cognome\" class=\"form-label\">Cognome *<\/label>\n        <span class=\"wpcf7-form-control-wrap\" data-name=\"cognome\"><input size=\"40\" maxlength=\"400\" class=\"wpcf7-form-control wpcf7-text wpcf7-validates-as-required form-control\" aria-required=\"true\" aria-invalid=\"false\" value=\"\" type=\"text\" name=\"cognome\" \/><\/span>\n      <\/div>\n      \n      <div class=\"col-md-6\">\n        <label for=\"email\" class=\"form-label\">Email *<\/label>\n        <span class=\"wpcf7-form-control-wrap\" data-name=\"email\"><input size=\"40\" maxlength=\"400\" class=\"wpcf7-form-control wpcf7-email wpcf7-validates-as-required wpcf7-text wpcf7-validates-as-email form-control\" aria-required=\"true\" aria-invalid=\"false\" value=\"\" type=\"email\" name=\"email\" \/><\/span>\n      <\/div>\n      \n      <div class=\"col-md-6\">\n        <label for=\"telefono\" class=\"form-label\">Numero di telefono *<\/label>\n        <span class=\"wpcf7-form-control-wrap\" data-name=\"telefono\"><input size=\"40\" maxlength=\"400\" class=\"wpcf7-form-control wpcf7-tel wpcf7-validates-as-required wpcf7-text wpcf7-validates-as-tel form-control\" aria-required=\"true\" aria-invalid=\"false\" value=\"\" type=\"tel\" name=\"telefono\" \/><\/span>\n      <\/div>\n    <\/div>\n  <\/div>\n<\/div>\n\n<!-- 2. INFORMAZIONI SUL PRODOTTO O BRAND -->\n<div class=\"row\">\n  <div class=\"col-12\">\n    <h3 class=\"mt-3 mb-1\">Informazioni sul prodotto o brand<\/h3>\n  <\/div>\n  <div class=\"py-2 px-3 card-form\">\n    <div class=\"row\">\n      <!-- Informazioni base del prodotto -->\n      <div class=\"col-md-4\">\n        <label for=\"brand\" class=\"form-label\">Brand *<\/label>\n        <span class=\"wpcf7-form-control-wrap\" data-name=\"brand\"><select class=\"wpcf7-form-control wpcf7-select wpcf7-validates-as-required form-select\" aria-required=\"true\" aria-invalid=\"false\" name=\"brand\"><option value=\"\"><\/option><option value=\"Agnesi\">Agnesi<\/option><option value=\"Colussi\">Colussi<\/option><option value=\"Del Monte\">Del Monte<\/option><option value=\"Giovanni Parenti\">Giovanni Parenti<\/option><option value=\"GranTurchese\">GranTurchese<\/option><option value=\"La Suissa\">La Suissa<\/option><option value=\"Misura\">Misura<\/option><option value=\"Pastificio Plin\">Pastificio Plin<\/option><option value=\"Sapori 1832\">Sapori 1832<\/option><option value=\"Vialetto\">Vialetto<\/option><\/select><\/span>\n      <\/div>\n      \n      <div class=\"col-md-4\">\n        <label for=\"prodotto\" class=\"form-label\">Nome del prodotto\/servizio *<\/label>\n        <span class=\"wpcf7-form-control-wrap\" data-name=\"prodotto\"><input size=\"40\" maxlength=\"400\" class=\"wpcf7-form-control wpcf7-text wpcf7-validates-as-required form-control\" aria-required=\"true\" aria-invalid=\"false\" value=\"\" type=\"text\" name=\"prodotto\" \/><\/span>\n      <\/div>\n      \n      <div class=\"col-md-4\">\n        <label for=\"gusto\" class=\"form-label\">Gusto o indicazioni specifiche prodotto *<\/label>\n        <span class=\"wpcf7-form-control-wrap\" data-name=\"gusto\"><input size=\"40\" maxlength=\"400\" class=\"wpcf7-form-control wpcf7-text wpcf7-validates-as-required form-control\" aria-required=\"true\" aria-invalid=\"false\" value=\"\" type=\"text\" name=\"gusto\" \/><\/span>\n      <\/div>\n    <\/div>\n    \n    <!-- Sezione con immagini di riferimento -->\n    <div class=\"row mt-4\">\n      <div class=\"col-12\">\n        <h5 class=\"text-muted mb-3\">\ud83d\udccd Informazioni di identificazione del prodotto<\/h5>\n      <\/div>\n      \n      <!-- Lotto e TMC\/Scadenza con immagine lotto -->\n      <div class=\"col-md-12 mb-4\">\n        <div class=\"row align-items-start\">\n          <!-- Immagine lotto a sinistra -->\n          <div class=\"col-md-4\">\n            <div class=\"reference-image-side\">\n              <div class=\"image-container\">\n                <img decoding=\"async\" src=\"https:\/\/colussigroup.it\/servizio-clienti\/wp-content\/uploads\/lotto.jpg\" alt=\"Esempio Numero Lotto\" class=\"reference-img\"\/>\n                <div class=\"image-caption\">\ud83d\udccb Numero Lotto<\/div>\n              <\/div>\n            <\/div>\n          <\/div>\n          \n          <!-- Campi a destra -->\n          <div class=\"col-md-8\">\n            <div class=\"row\">\n              <div class=\"col-md-6\">\n                <label for=\"lotto\" class=\"form-label\">Numero Lotto *<\/label>\n                <span class=\"wpcf7-form-control-wrap\" data-name=\"lotto\"><input size=\"40\" maxlength=\"400\" class=\"wpcf7-form-control wpcf7-text wpcf7-validates-as-required form-control\" aria-required=\"true\" aria-invalid=\"false\" value=\"\" type=\"text\" name=\"lotto\" \/><\/span>\n                <div class=\"form-text\">Inserisci il numero di lotto stampato sulla confezione<\/div>\n              <\/div>\n              \n              <div class=\"col-md-6\">\n                <label for=\"tmc_scadenza\" class=\"form-label\">TMC\/Scadenza *<\/label>\n                <span class=\"wpcf7-form-control-wrap\" data-name=\"tmc_scadenza\"><input size=\"40\" maxlength=\"400\" class=\"wpcf7-form-control wpcf7-text wpcf7-validates-as-required form-control\" aria-required=\"true\" aria-invalid=\"false\" value=\"\" type=\"text\" name=\"tmc_scadenza\" \/><\/span>\n                <div class=\"form-text\">Inserisci la data di scadenza o TMC (Termine Minimo di Conservazione)<\/div>\n              <\/div>\n            <\/div>\n          <\/div>\n        <\/div>\n      <\/div>\n      \n      <!-- Codice EAN con immagine -->\n      <div class=\"col-md-12\">\n        <div class=\"row align-items-start\">\n          <!-- Immagine EAN a sinistra -->\n          <div class=\"col-md-4\">\n            <div class=\"reference-image-side\">\n              <div class=\"image-container\">\n                <img decoding=\"async\" src=\"https:\/\/colussigroup.it\/servizio-clienti\/wp-content\/uploads\/ean.jpg\" alt=\"Esempio Codice EAN\" class=\"reference-img\"\/>\n                <div class=\"image-caption\">\ud83d\udcca Codice EAN<\/div>\n              <\/div>\n            <\/div>\n          <\/div>\n          \n          <!-- Campo EAN a destra -->\n          <div class=\"col-md-8\">\n            <label for=\"ean\" class=\"form-label\">Codice EAN *<\/label>\n            <span class=\"wpcf7-form-control-wrap\" data-name=\"ean\"><input size=\"40\" maxlength=\"400\" class=\"wpcf7-form-control wpcf7-text wpcf7-validates-as-required form-control\" aria-required=\"true\" aria-invalid=\"false\" value=\"\" type=\"text\" name=\"ean\" \/><\/span>\n            <div class=\"form-text\">\n              <strong>IMPORTANTE:<\/strong> In caso di multipack, inserisci il codice EAN del multipack stesso e non quello della singola dose.\n              Il codice EAN si trova solitamente sotto il codice a barre sulla confezione.\n            <\/div>\n          <\/div>\n        <\/div>\n      <\/div>\n    <\/div>\n  <\/div>\n<\/div>\n\n<!-- 3. DESCRIZIONE DEL PROBLEMA -->\n<div class=\"row\">\n  <div class=\"col-12\">\n    <h3 class=\"mt-3 mb-1\">Descrizione del problema<\/h3>\n  <\/div>\n  <div class=\"py-2 px-3 card-form\">\n    <div class=\"row\">\n      <div class=\"col-12\">\n        <label for=\"problema\" class=\"form-label\">Descrivi in dettaglio il problema riscontrato *<\/label>\n        <span class=\"wpcf7-form-control-wrap\" data-name=\"problema\"><textarea cols=\"40\" rows=\"10\" maxlength=\"2000\" class=\"wpcf7-form-control wpcf7-textarea wpcf7-validates-as-required form-control\" aria-required=\"true\" aria-invalid=\"false\" name=\"problema\"><\/textarea><\/span>\n      <\/div>\n    <\/div>\n  <\/div>\n<\/div>\n\n<!-- 4. DOCUMENTAZIONE DI SUPPORTO -->\n<div class=\"row\">\n  <div class=\"col-12\">\n    <h3 class=\"mt-3 mb-1\">Documentazione di supporto<\/h3>\n  <\/div>\n  <div class=\"py-2 px-3 card-form\">\n    <div class=\"row g-3\">\n      <div class=\"col-md-6\">\n        <label for=\"foto\" class=\"form-label\">Allega foto del prodotto *<\/label>\n        <span class=\"wpcf7-form-control-wrap\" data-name=\"foto\"><input size=\"40\" class=\"wpcf7-form-control wpcf7-file wpcf7-validates-as-required form-control\" accept=\".jpg,.jpeg,.png,.webp\" aria-required=\"true\" aria-invalid=\"false\" type=\"file\" name=\"foto\" \/><\/span>\n        <small class=\"text-muted\">Limite: 3MB per file. Formati supportati: JPG, JPEG, PNG, WebP<\/small>\n        <div class=\"form-text\">\n          Carica una o pi\u00f9 foto del prodotto per evidenziare il motivo del reclamo. \n          Questo ci consente di valutare meglio la fondatezza delle segnalazioni.\n          Puoi caricare foto del prodotto, della confezione, o degli eventuali danni riscontrati.\n        <\/div>\n      <\/div>\n      \n      <div class=\"col-md-6\">\n        <label for=\"ricevuta\" class=\"form-label\">Ricevuta o prova di acquisto *<\/label>\n        <span class=\"wpcf7-form-control-wrap\" data-name=\"ricevuta\"><input size=\"40\" class=\"wpcf7-form-control wpcf7-file wpcf7-validates-as-required form-control\" accept=\".jpg,.jpeg,.png,.pdf\" aria-required=\"true\" aria-invalid=\"false\" type=\"file\" name=\"ricevuta\" \/><\/span>\n        <small class=\"text-muted\">Limite: 3MB per file. Formati supportati: JPG, JPEG, PNG, PDF<\/small>\n        <div class=\"form-text\">Carica la ricevuta o qualsiasi documento che provi l'acquisto<\/div>\n      <\/div>\n    <\/div>\n  <\/div>\n<\/div>\n\n\n\n<!-- 5. AZIONE RICHIESTA E INDIRIZZO PER SPEDIZIONE -->\n<div class=\"row\">\n  <div class=\"col-12\">\n    <h3 class=\"mt-3 mb-1\">Azione richiesta e spedizione<\/h3>\n  <\/div>\n  <div class=\"py-2 px-3 card-form\">\n    <!-- Sezione Azione richiesta -->\n    <div class=\"row mb-4\">\n      <div class=\"col-12\">\n        <h5 class=\"text-muted mb-3\">\ud83c\udfaf Azione richiesta<\/h5>\n        <div class=\"row\">\n          <div class=\"col-md-12\">\n            <label for=\"azione\" class=\"form-label\">Seleziona l'azione richiesta *<\/label>\n            <span class=\"wpcf7-form-control-wrap\" data-name=\"azione\"><select class=\"wpcf7-form-control wpcf7-select wpcf7-validates-as-required form-select\" aria-required=\"true\" aria-invalid=\"false\" name=\"azione\"><option value=\"\"><\/option><option value=\"Sostituzione del prodotto\">Sostituzione del prodotto<\/option><option value=\"Supporto \/ Assistenza tramite WhatsApp\">Supporto \/ Assistenza tramite WhatsApp<\/option><option value=\"Supporto \/ Assistenza tramite e-Mail\">Supporto \/ Assistenza tramite e-Mail<\/option><option value=\"Altro\">Altro<\/option><\/select><\/span>\n          <\/div>\n        <\/div>\n\n        <!-- Campo condizionale per \"Altro\" -->\n        <div data-id=\"altra-azione\" data-orig_data_id=\"altra-azione\"  class=\"\" data-class=\"wpcf7cf_group\">\n        <div class=\"row mt-3\">\n          <div class=\"col-md-12\">\n            <label for=\"altra_azione\" class=\"form-label\">Specifica l'azione richiesta<\/label>\n            <span class=\"wpcf7-form-control-wrap\" data-name=\"altra_azione\"><input size=\"40\" maxlength=\"400\" class=\"wpcf7-form-control wpcf7-text form-control\" aria-invalid=\"false\" value=\"\" type=\"text\" name=\"altra_azione\" \/><\/span>\n          <\/div>\n        <\/div>\n        <\/div>\n      <\/div>\n    <\/div>\n\n    <!-- Sezione Indirizzo per spedizione -->\n    <div class=\"row\">\n      <div class=\"col-12\">\n        <h5 class=\"text-muted mb-3\">\ud83d\udce6 Indirizzo per la spedizione<\/h5>\n        <div class=\"form-text mb-3\">Necessario per la gestione del reclamo<\/div>\n        <div class=\"row\">\n          <div class=\"col-md-8\">\n            <label for=\"indirizzo\" class=\"form-label\">Indirizzo completo *<\/label>\n            <span class=\"wpcf7-form-control-wrap\" data-name=\"indirizzo\"><input size=\"40\" maxlength=\"400\" class=\"wpcf7-form-control wpcf7-text wpcf7-validates-as-required form-control\" aria-required=\"true\" aria-invalid=\"false\" value=\"\" type=\"text\" name=\"indirizzo\" \/><\/span>\n          <\/div>\n          \n          <div class=\"col-md-4\">\n            <label for=\"civico\" class=\"form-label\">Numero civico *<\/label>\n            <span class=\"wpcf7-form-control-wrap\" data-name=\"civico\"><input size=\"40\" maxlength=\"400\" class=\"wpcf7-form-control wpcf7-text wpcf7-validates-as-required form-control\" aria-required=\"true\" aria-invalid=\"false\" value=\"\" type=\"text\" name=\"civico\" \/><\/span>\n          <\/div>\n          \n          <div class=\"col-md-4\">\n            <label for=\"provincia\" class=\"form-label\">Provincia *<\/label>\n            <span class=\"wpcf7-form-control-wrap\" data-name=\"provincia\"><select class=\"wpcf7-form-control wpcf7-select wpcf7-validates-as-required form-select\" aria-required=\"true\" aria-invalid=\"false\" name=\"provincia\"><option value=\"\"><\/option><option value=\"AG\">AG<\/option><option value=\"AL\">AL<\/option><option value=\"AN\">AN<\/option><option value=\"AO\">AO<\/option><option value=\"AP\">AP<\/option><option value=\"AQ\">AQ<\/option><option value=\"AR\">AR<\/option><option value=\"AT\">AT<\/option><option value=\"AV\">AV<\/option><option value=\"BA\">BA<\/option><option value=\"BC\">BC<\/option><option value=\"BG\">BG<\/option><option value=\"BI\">BI<\/option><option value=\"BL\">BL<\/option><option value=\"BN\">BN<\/option><option value=\"BO\">BO<\/option><option value=\"BR\">BR<\/option><option value=\"BS\">BS<\/option><option value=\"BT\">BT<\/option><option value=\"BZ\">BZ<\/option><option value=\"CA\">CA<\/option><option value=\"CB\">CB<\/option><option value=\"CE\">CE<\/option><option value=\"CH\">CH<\/option><option value=\"CI\">CI<\/option><option value=\"CL\">CL<\/option><option value=\"CN\">CN<\/option><option value=\"CO\">CO<\/option><option value=\"CR\">CR<\/option><option value=\"CS\">CS<\/option><option value=\"CT\">CT<\/option><option value=\"CZ\">CZ<\/option><option value=\"EN\">EN<\/option><option value=\"FC\">FC<\/option><option value=\"FE\">FE<\/option><option value=\"FG\">FG<\/option><option value=\"FI\">FI<\/option><option value=\"FM\">FM<\/option><option value=\"FR\">FR<\/option><option value=\"GE\">GE<\/option><option value=\"GO\">GO<\/option><option value=\"GR\">GR<\/option><option value=\"IM\">IM<\/option><option value=\"IS\">IS<\/option><option value=\"KR\">KR<\/option><option value=\"LC\">LC<\/option><option value=\"LE\">LE<\/option><option value=\"LI\">LI<\/option><option value=\"LO\">LO<\/option><option value=\"LT\">LT<\/option><option value=\"LU\">LU<\/option><option value=\"MB\">MB<\/option><option value=\"MC\">MC<\/option><option value=\"ME\">ME<\/option><option value=\"MI\">MI<\/option><option value=\"MN\">MN<\/option><option value=\"MO\">MO<\/option><option value=\"MS\">MS<\/option><option value=\"MT\">MT<\/option><option value=\"NA\">NA<\/option><option value=\"NO\">NO<\/option><option value=\"NU\">NU<\/option><option value=\"OR\">OR<\/option><option value=\"PA\">PA<\/option><option value=\"PC\">PC<\/option><option value=\"PD\">PD<\/option><option value=\"PE\">PE<\/option><option value=\"PG\">PG<\/option><option value=\"PI\">PI<\/option><option value=\"PN\">PN<\/option><option value=\"PO\">PO<\/option><option value=\"PR\">PR<\/option><option value=\"PT\">PT<\/option><option value=\"PU\">PU<\/option><option value=\"PV\">PV<\/option><option value=\"PZ\">PZ<\/option><option value=\"RA\">RA<\/option><option value=\"RC\">RC<\/option><option value=\"RE\">RE<\/option><option value=\"RG\">RG<\/option><option value=\"RI\">RI<\/option><option value=\"RM\">RM<\/option><option value=\"RN\">RN<\/option><option value=\"RO\">RO<\/option><option value=\"SA\">SA<\/option><option value=\"SI\">SI<\/option><option value=\"SO\">SO<\/option><option value=\"SP\">SP<\/option><option value=\"SR\">SR<\/option><option value=\"SS\">SS<\/option><option value=\"SU\">SU<\/option><option value=\"SV\">SV<\/option><option value=\"TA\">TA<\/option><option value=\"TE\">TE<\/option><option value=\"TN\">TN<\/option><option value=\"TO\">TO<\/option><option value=\"TP\">TP<\/option><option value=\"TR\">TR<\/option><option value=\"TS\">TS<\/option><option value=\"TV\">TV<\/option><option value=\"UD\">UD<\/option><option value=\"VA\">VA<\/option><option value=\"VB\">VB<\/option><option value=\"VC\">VC<\/option><option value=\"VE\">VE<\/option><option value=\"VI\">VI<\/option><option value=\"VR\">VR<\/option><option value=\"VT\">VT<\/option><option value=\"VV\">VV<\/option><\/select><\/span>\n          <\/div>\n          \n          <div class=\"col-md-4\">\n            <label for=\"comune\" class=\"form-label\">Comune *<\/label>\n            <span class=\"wpcf7-form-control-wrap\" data-name=\"comune\"><input size=\"40\" maxlength=\"400\" class=\"wpcf7-form-control wpcf7-text wpcf7-validates-as-required form-control\" aria-required=\"true\" aria-invalid=\"false\" value=\"\" type=\"text\" name=\"comune\" \/><\/span>\n          <\/div>\n          \n          <div class=\"col-md-4\">\n            <label for=\"cap\" class=\"form-label\">CAP *<\/label>\n            <span class=\"wpcf7-form-control-wrap\" data-name=\"cap\"><input size=\"40\" maxlength=\"400\" class=\"wpcf7-form-control wpcf7-text wpcf7-validates-as-required form-control\" aria-required=\"true\" aria-invalid=\"false\" value=\"\" type=\"text\" name=\"cap\" \/><\/span>\n          <\/div>\n        <\/div>\n      <\/div>\n    <\/div>\n  <\/div>\n<\/div>\n\n<!-- 7. CONSENSO AL TRATTAMENTO DEI DATI -->\n<div class=\"row my-3 py-3\">\n  <div class=\"col-12\">\n    <div class=\"form-check\">\n      <span class=\"wpcf7-form-control-wrap\" data-name=\"consenso\"><span class=\"wpcf7-form-control wpcf7-acceptance\"><span class=\"wpcf7-list-item\"><label><input type=\"checkbox\" name=\"consenso\" value=\"1\" class=\"form-check-input\" aria-invalid=\"false\" \/><span class=\"wpcf7-list-item-label\">Acconsento al trattamento dei miei dati personali per la gestione del reclamo.<\/span><\/label><\/span><\/span><\/span>\n    <\/div>\n    \n    <div class=\"form-check\">\n      <span class=\"wpcf7-form-control-wrap\" data-name=\"newsletter\"><span class=\"wpcf7-form-control wpcf7-acceptance\"><span class=\"wpcf7-list-item\"><label><input type=\"checkbox\" name=\"newsletter\" value=\"1\" class=\"form-check-input\" aria-invalid=\"false\" \/><span class=\"wpcf7-list-item-label\">Ho preso visione dell'<a href=\"https:\/\/www.colussigroup.it\/privacy-policy\/\" target=\"_blank\">informativa privacy<\/a>*<\/span><\/label><\/span><\/span><\/span>\n    <\/div>\n    \n    <div class=\"legal-text-container\">\n      <button type=\"button\" class=\"legal-toggle\" id=\"legalToggle\">\n        <span class=\"toggle-text\">Leggi l'informativa privacy completa<\/span>\n        <span class=\"toggle-icon\">\u25bc<\/span>\n      <\/button>\n      \n      <div class=\"legal-text\" id=\"legalText\">\n        <div class=\"legal-content\">\n          <h4>Informativa Privacy - GDPR<\/h4>\n          <p><strong>Ai sensi dell'articolo 13 del Regolamento (UE) 2016\/679 (GDPR)<\/strong>, la informiamo che i Suoi dati personali saranno trattati da Colussi Spa, Titolare del trattamento, per le seguenti finalit\u00e0:<\/p>\n          \n          <div class=\"legal-section\">\n            <h5>Finalit\u00e0 del trattamento:<\/h5>\n            <ul>\n              <li><strong>Gestione reclami:<\/strong> Fornirle un idoneo riscontro alla sua richiesta e garantirle una corretta gestione dei reclami<\/li>\n              <li><strong>Newsletter (solo con consenso):<\/strong> Iscriverla alla nostra newsletter con informazioni sui prodotti del gruppo Colussi<\/li>\n            <\/ul>\n          <\/div>\n          \n          <div class=\"legal-section\">\n            <h5>Base giuridica:<\/h5>\n            <ul>\n              <li>Art. 6, comma 1, lett. b) GDPR - per la gestione dei reclami<\/li>\n              <li>Art. 6, comma 1, lett. a) GDPR - per la newsletter (solo con consenso)<\/li>\n            <\/ul>\n          <\/div>\n          \n          <div class=\"legal-section\">\n            <h5>Conservazione e diritti:<\/h5>\n            <ul>\n              <li>I dati saranno conservati per il tempo necessario alla gestione del reclamo<\/li>\n              <li>Ha diritto di accesso, rettifica, cancellazione e opposizione ai dati<\/li>\n              <li>I dati non saranno diffusi n\u00e9 trasferiti all'estero<\/li>\n            <\/ul>\n          <\/div>\n          \n          <div class=\"legal-section\">\n            <h5>Contatti:<\/h5>\n            <p>Per esercitare i Suoi diritti pu\u00f2 rivolgersi a:<\/p>\n            <p><strong>Colussi SpA<\/strong><br>\n            Via Spadolini, 5 \u2013 20141 Milano \u2013 Italia<br>\n            Email: <a href=\"mailto:privacy@colussigroup.it\">privacy@colussigroup.it<\/a><\/p>\n          <\/div>\n          \n          <div class=\"legal-section\">\n            <p><small>Il conferimento dei dati contrassegnati con * \u00e8 obbligatorio per la gestione del reclamo. Per la newsletter \u00e8 facoltativo e richiede il Suo consenso esplicito.<\/small><\/p>\n          <\/div>\n        <\/div>\n      <\/div>\n    <\/div>\n  <\/div>\n<\/div>\n\n<!-- PULSANTE DI INVIO -->\n<div class=\"row\">\n  <div class=\"col-12 col-lg-6\">\n    <div class=\"wpcf7-turnstile cf-turnstile\" data-sitekey=\"0x4AAAAAABldWvm3Ng2eO2QU\" data-response-field-name=\"_wpcf7_turnstile_response\"><\/div>\n  <\/div>\n  <div class=\"col-12 col-lg-6\">\n    <input class=\"wpcf7-form-control wpcf7-submit has-spinner button button-primary\" type=\"submit\" value=\"Invia reclamo\" \/>\n  <\/div>\n<\/div>\n<\/div><div class=\"wpcf7-response-output\" aria-hidden=\"true\"><\/div>\n<\/form>\n<\/div>\n<\/div>\n","protected":false},"excerpt":{"rendered":"<p>Per qualsiasi informazione, segnalazione o suggerimento sui prodotti del Gruppo Colussi, il nostro Servizio Clienti \u00e8 a tua disposizione. Puoi contattarci tramite WhatsApp al numero 338 5037207, oppure chiamare il Numero Verde gratuito 800 865 143 (attivo dal luned\u00ec al gioved\u00ec, dalle 13:30 alle 17:30, e il venerd\u00ec dalle 13:30 alle 16:30). Compila il modulo [&hellip;]<\/p>\n","protected":false},"author":1,"featured_media":0,"parent":0,"menu_order":0,"comment_status":"closed","ping_status":"closed","template":"page-no-title","meta":{"inline_featured_image":false,"footnotes":""},"page_category":[],"class_list":["post-10","page","type-page","status-publish","hentry"],"_links":{"self":[{"href":"https:\/\/colussigroup.it\/servizio-clienti\/wp-json\/wp\/v2\/pages\/10","targetHints":{"allow":["GET"]}}],"collection":[{"href":"https:\/\/colussigroup.it\/servizio-clienti\/wp-json\/wp\/v2\/pages"}],"about":[{"href":"https:\/\/colussigroup.it\/servizio-clienti\/wp-json\/wp\/v2\/types\/page"}],"author":[{"embeddable":true,"href":"https:\/\/colussigroup.it\/servizio-clienti\/wp-json\/wp\/v2\/users\/1"}],"replies":[{"embeddable":true,"href":"https:\/\/colussigroup.it\/servizio-clienti\/wp-json\/wp\/v2\/comments?post=10"}],"version-history":[{"count":40,"href":"https:\/\/colussigroup.it\/servizio-clienti\/wp-json\/wp\/v2\/pages\/10\/revisions"}],"predecessor-version":[{"id":271,"href":"https:\/\/colussigroup.it\/servizio-clienti\/wp-json\/wp\/v2\/pages\/10\/revisions\/271"}],"wp:attachment":[{"href":"https:\/\/colussigroup.it\/servizio-clienti\/wp-json\/wp\/v2\/media?parent=10"}],"wp:term":[{"taxonomy":"page_category","embeddable":true,"href":"https:\/\/colussigroup.it\/servizio-clienti\/wp-json\/wp\/v2\/page_category?post=10"}],"curies":[{"name":"wp","href":"https:\/\/api.w.org\/{rel}","templated":true}]}}